{"id":31,"date":"2016-03-18T20:10:25","date_gmt":"2016-03-18T20:10:25","guid":{"rendered":"https:\/\/calculo2analisis2.fi.unsj.edu.ar\/?page_id=31"},"modified":"2026-02-02T14:26:47","modified_gmt":"2026-02-02T14:26:47","slug":"novedades","status":"publish","type":"page","link":"https:\/\/calculo2analisis2.fi.unsj.edu.ar\/","title":{"rendered":""},"content":{"rendered":"<h2 style=\"text-align: center;\"><b><span style=\"font-family: arial, sans-serif;\">C\u00e1lculo II<\/span><\/b><\/h2>\n<p style=\"text-align: center;\"><strong><span style=\"font-family: arial, sans-serif;\">\u00a0Ingenier\u00eda Civil<br \/>\nIngenier\u00eda de Minas<br \/>\nIngenier\u00eda en Metalurgia Extractiva<\/span><\/strong><\/p>\n<h2 style=\"text-align: center;\"><b><span style=\"font-family: arial, sans-serif;\">An\u00e1lisis Matem\u00e1tico II<\/span><\/b><\/h2>\n<p style=\"text-align: center;\"><strong><span style=\"font-family: arial, sans-serif;\">\u00a0Ingenier\u00eda en Agrimensura<\/span><\/strong><\/p>\n<p><strong>\u00a1Bienvenidos!<\/strong><\/p>\n<p><span style=\"font-family: arial, sans-serif;\">Este blog sirve como repositorio del material de c\u00e1tedra. Van a encontrar v\u00eddeos, gu\u00edas te\u00f3ricas, pr\u00e1cticas, documentos de resoluci\u00f3n de ejercicios y bibliograf\u00eda para estudiar la materia, como as\u00ed tambi\u00e9n los horarios de consulta de los docentes.<\/span><\/p>\n<p>Buen viaje!<noscript><a href=\"https:\/\/www.contadorvisitasgratis.com\" title=\"contador de visitas gratis\"><img decoding=\"async\" src=\"https:\/\/counter3.fcs.ovh\/private\/contadorvisitasgratis.php?c=cd1e54a5881df4e2cfa4949b2ab22c44\" border=\"0\" title=\"contador de visitas gratis\" alt=\"contador de visitas gratis\"><\/a><\/noscript><\/p>\n<p style=\"text-align: center;\">\n","protected":false},"excerpt":{"rendered":"<p>C\u00e1lculo II \u00a0Ingenier\u00eda Civil Ingenier\u00eda de Minas Ingenier\u00eda en Metalurgia Extractiva An\u00e1lisis Matem\u00e1tico II \u00a0Ingenier\u00eda en Agrimensura \u00a1Bienvenidos! Este blog sirve como repositorio del material de c\u00e1tedra. Van a encontrar v\u00eddeos, gu\u00edas te\u00f3ricas, pr\u00e1cticas, documentos de resoluci\u00f3n de ejercicios y bibliograf\u00eda para estudiar la materia, como as\u00ed tambi\u00e9n los horarios de consulta de los docentes. &hellip; <a href=\"https:\/\/calculo2analisis2.fi.unsj.edu.ar\/\" class=\"more-link\">Seguir leyendo <span class=\"screen-reader-text\"><\/span> <span class=\"meta-nav\">&rarr;<\/span><\/a><\/p>\n","protected":false},"author":2,"featured_media":0,"parent":0,"menu_order":0,"comment_status":"closed","ping_status":"closed","template":"","meta":{"footnotes":""},"class_list":["post-31","page","type-page","status-publish","hentry"],"_links":{"self":[{"href":"https:\/\/calculo2analisis2.fi.unsj.edu.ar\/index.php?rest_route=\/wp\/v2\/pages\/31","targetHints":{"allow":["GET"]}}],"collection":[{"href":"https:\/\/calculo2analisis2.fi.unsj.edu.ar\/index.php?rest_route=\/wp\/v2\/pages"}],"about":[{"href":"https:\/\/calculo2analisis2.fi.unsj.edu.ar\/index.php?rest_route=\/wp\/v2\/types\/page"}],"author":[{"embeddable":true,"href":"https:\/\/calculo2analisis2.fi.unsj.edu.ar\/index.php?rest_route=\/wp\/v2\/users\/2"}],"replies":[{"embeddable":true,"href":"https:\/\/calculo2analisis2.fi.unsj.edu.ar\/index.php?rest_route=%2Fwp%2Fv2%2Fcomments&post=31"}],"version-history":[{"count":31,"href":"https:\/\/calculo2analisis2.fi.unsj.edu.ar\/index.php?rest_route=\/wp\/v2\/pages\/31\/revisions"}],"predecessor-version":[{"id":1339,"href":"https:\/\/calculo2analisis2.fi.unsj.edu.ar\/index.php?rest_route=\/wp\/v2\/pages\/31\/revisions\/1339"}],"wp:attachment":[{"href":"https:\/\/calculo2analisis2.fi.unsj.edu.ar\/index.php?rest_route=%2Fwp%2Fv2%2Fmedia&parent=31"}],"curies":[{"name":"wp","href":"https:\/\/api.w.org\/{rel}","templated":true}]}}