{"id":29,"date":"2016-03-18T20:10:01","date_gmt":"2016-03-18T20:10:01","guid":{"rendered":"https:\/\/calculo2analisis2.fi.unsj.edu.ar\/?page_id=29"},"modified":"2020-06-04T00:38:45","modified_gmt":"2020-06-04T00:38:45","slug":"resultados-evaluaciones","status":"publish","type":"page","link":"https:\/\/calculo2analisis2.fi.unsj.edu.ar\/?page_id=29","title":{"rendered":"Resultados Evaluaciones"},"content":{"rendered":"<p>EVALUACI\u00d3N N\u00b0 1<\/p>\n<p>Evaluaci\u00f3n\u00a01 resuelta (click\u00a0<a href=\"https:\/\/calculo2analisis2.fi.unsj.edu.ar\/wp-content\/uploads\/2020\/04\/Evaluaci\u00f3n-1-resuelta.pdf\">aqu\u00ed<\/a>)<\/p>\n<p>EVALUACI\u00d3N\u00a0N\u00b0\u00a02<\/p>\n<p>Evaluaci\u00f3n 2 resuelta (click <a href=\"https:\/\/calculo2analisis2.fi.unsj.edu.ar\/wp-content\/uploads\/2020\/06\/Solucion-Eva-2.pdf\">aqu\u00ed<\/a>)<\/p>\n<p>EVALUACI\u00d3N\u00a0N\u00b0\u00a03<\/p>\n<p>RECUPERATORIO\u00a0EXTRAORDINARIO<\/p>\n","protected":false},"excerpt":{"rendered":"<p>EVALUACI\u00d3N N\u00b0 1 Evaluaci\u00f3n\u00a01 resuelta (click\u00a0aqu\u00ed) EVALUACI\u00d3N\u00a0N\u00b0\u00a02 Evaluaci\u00f3n 2 resuelta (click aqu\u00ed) EVALUACI\u00d3N\u00a0N\u00b0\u00a03 RECUPERATORIO\u00a0EXTRAORDINARIO<\/p>\n","protected":false},"author":2,"featured_media":0,"parent":0,"menu_order":0,"comment_status":"closed","ping_status":"closed","template":"","meta":{"footnotes":""},"class_list":["post-29","page","type-page","status-publish","hentry"],"_links":{"self":[{"href":"https:\/\/calculo2analisis2.fi.unsj.edu.ar\/index.php?rest_route=\/wp\/v2\/pages\/29","targetHints":{"allow":["GET"]}}],"collection":[{"href":"https:\/\/calculo2analisis2.fi.unsj.edu.ar\/index.php?rest_route=\/wp\/v2\/pages"}],"about":[{"href":"https:\/\/calculo2analisis2.fi.unsj.edu.ar\/index.php?rest_route=\/wp\/v2\/types\/page"}],"author":[{"embeddable":true,"href":"https:\/\/calculo2analisis2.fi.unsj.edu.ar\/index.php?rest_route=\/wp\/v2\/users\/2"}],"replies":[{"embeddable":true,"href":"https:\/\/calculo2analisis2.fi.unsj.edu.ar\/index.php?rest_route=%2Fwp%2Fv2%2Fcomments&post=29"}],"version-history":[{"count":17,"href":"https:\/\/calculo2analisis2.fi.unsj.edu.ar\/index.php?rest_route=\/wp\/v2\/pages\/29\/revisions"}],"predecessor-version":[{"id":697,"href":"https:\/\/calculo2analisis2.fi.unsj.edu.ar\/index.php?rest_route=\/wp\/v2\/pages\/29\/revisions\/697"}],"wp:attachment":[{"href":"https:\/\/calculo2analisis2.fi.unsj.edu.ar\/index.php?rest_route=%2Fwp%2Fv2%2Fmedia&parent=29"}],"curies":[{"name":"wp","href":"https:\/\/api.w.org\/{rel}","templated":true}]}}